{"id":1429,"date":"2025-09-08T21:06:54","date_gmt":"2025-09-08T21:06:54","guid":{"rendered":"https:\/\/coaching-ml.fr\/?page_id=1429"},"modified":"2025-12-14T18:35:30","modified_gmt":"2025-12-14T18:35:30","slug":"licenceffa","status":"publish","type":"page","link":"https:\/\/coaching-ml.fr\/index.php\/licenceffa\/","title":{"rendered":"licenceFFA"},"content":{"rendered":"\t\t<div data-elementor-type=\"wp-page\" data-elementor-id=\"1429\" class=\"elementor elementor-1429\">\n\t\t\t\t<div class=\"elementor-element elementor-element-d644c55 e-flex e-con-boxed wpr-particle-no wpr-jarallax-no wpr-parallax-no wpr-sticky-section-no e-con e-parent\" data-id=\"d644c55\" data-element_type=\"container\" data-e-type=\"container\">\n\t\t\t\t\t<div class=\"e-con-inner\">\n\t\t<div class=\"elementor-element elementor-element-6b25eaa e-con-full e-flex wpr-particle-no wpr-jarallax-no wpr-parallax-no wpr-sticky-section-no e-con e-child\" data-id=\"6b25eaa\" data-element_type=\"container\" data-e-type=\"container\">\n\t\t\t\t<div class=\"elementor-element elementor-element-1eebf78 elementor-widget__width-initial elementor-widget elementor-widget-image\" data-id=\"1eebf78\" data-element_type=\"widget\" data-e-type=\"widget\" data-widget_type=\"image.default\">\n\t\t\t\t<div class=\"elementor-widget-container\">\n\t\t\t\t\t\t\t\t\t\t\t\t\t\t\t<img fetchpriority=\"high\" decoding=\"async\" width=\"300\" height=\"293\" src=\"https:\/\/coaching-ml.fr\/wp-content\/uploads\/2025\/09\/licenceFFA-300x293.jpg\" class=\"attachment-medium size-medium wp-image-1461\" alt=\"\" srcset=\"https:\/\/coaching-ml.fr\/wp-content\/uploads\/2025\/09\/licenceFFA-300x293.jpg 300w, https:\/\/coaching-ml.fr\/wp-content\/uploads\/2025\/09\/licenceFFA-1024x999.jpg 1024w, https:\/\/coaching-ml.fr\/wp-content\/uploads\/2025\/09\/licenceFFA-768x749.jpg 768w, https:\/\/coaching-ml.fr\/wp-content\/uploads\/2025\/09\/licenceFFA.jpg 1127w\" sizes=\"(max-width: 300px) 100vw, 300px\" \/>\t\t\t\t\t\t\t\t\t\t\t\t\t\t\t<\/div>\n\t\t\t\t<\/div>\n\t\t\t\t<\/div>\n\t\t\t\t\t<\/div>\n\t\t\t\t<\/div>\n\t\t<div class=\"elementor-element elementor-element-6ab2027 e-flex e-con-boxed wpr-particle-no wpr-jarallax-no wpr-parallax-no wpr-sticky-section-no e-con e-parent\" data-id=\"6ab2027\" data-element_type=\"container\" data-e-type=\"container\">\n\t\t\t\t\t<div class=\"e-con-inner\">\n\t\t\t\t<div class=\"elementor-element elementor-element-0786222 elementor-widget elementor-widget-text-editor\" data-id=\"0786222\" data-element_type=\"widget\" data-e-type=\"widget\" data-widget_type=\"text-editor.default\">\n\t\t\t\t<div class=\"elementor-widget-container\">\n\t\t\t\t\t\t\t\t\t<p><strong>Lorsque vous adh\u00e9rez \u00e0 un club d\u2019athl\u00e9tisme, vous avez le choix entre deux types de licence : Loisirs ou Comp\u00e9tition. <\/strong><\/p><p>Voici ce qui les distingue :<\/p>\t\t\t\t\t\t\t\t<\/div>\n\t\t\t\t<\/div>\n\t\t\t\t\t<\/div>\n\t\t\t\t<\/div>\n\t\t<div class=\"elementor-element elementor-element-5ec04a3 e-flex e-con-boxed wpr-particle-no wpr-jarallax-no wpr-parallax-no wpr-sticky-section-no e-con e-parent\" data-id=\"5ec04a3\" data-element_type=\"container\" data-e-type=\"container\">\n\t\t\t\t\t<div class=\"e-con-inner\">\n\t\t\t\t<div class=\"elementor-element elementor-element-1600194 elementor-widget elementor-widget-eael-adv-accordion\" data-id=\"1600194\" data-element_type=\"widget\" data-e-type=\"widget\" data-widget_type=\"eael-adv-accordion.default\">\n\t\t\t\t<div class=\"elementor-widget-container\">\n\t\t\t\t\t        <div class=\"eael-adv-accordion\" id=\"eael-adv-accordion-1600194\" data-scroll-on-click=\"no\" data-scroll-speed=\"300\" data-accordion-id=\"1600194\" data-accordion-type=\"accordion\" data-toogle-speed=\"300\">\n    <div class=\"eael-accordion-list\">\n                <div id=\"licence-loisirs\" class=\"elementor-tab-title eael-accordion-header\" tabindex=\"0\" data-tab=\"1\" aria-controls=\"elementor-tab-content-2301\"><span class=\"eael-advanced-accordion-icon-closed\"><svg aria-hidden=\"true\" class=\"fa-accordion-icon e-font-icon-svg e-fas-plus\" viewBox=\"0 0 448 512\" xmlns=\"http:\/\/www.w3.org\/2000\/svg\"><path d=\"M416 208H272V64c0-17.67-14.33-32-32-32h-32c-17.67 0-32 14.33-32 32v144H32c-17.67 0-32 14.33-32 32v32c0 17.67 14.33 32 32 32h144v144c0 17.67 14.33 32 32 32h32c17.67 0 32-14.33 32-32V304h144c17.67 0 32-14.33 32-32v-32c0-17.67-14.33-32-32-32z\"><\/path><\/svg><\/span><span class=\"eael-advanced-accordion-icon-opened\"><svg aria-hidden=\"true\" class=\"fa-accordion-icon e-font-icon-svg e-fas-minus\" viewBox=\"0 0 448 512\" xmlns=\"http:\/\/www.w3.org\/2000\/svg\"><path d=\"M416 208H32c-17.67 0-32 14.33-32 32v32c0 17.67 14.33 32 32 32h384c17.67 0 32-14.33 32-32v-32c0-17.67-14.33-32-32-32z\"><\/path><\/svg><\/span><span class=\"eael-accordion-tab-title\">Licence Loisirs<\/span><\/div><div id=\"elementor-tab-content-2301\" class=\"eael-accordion-content clearfix\" data-tab=\"1\" aria-labelledby=\"licence-loisirs\"><div dir=\"auto\">\u2022Objectif : pratiquer l\u2019athl\u00e9tisme pour le plaisir, le bien-\u00eatre, ou le maintien en forme, sans pression li\u00e9e aux r\u00e9sultats.<\/div><div dir=\"auto\">\u2022Activit\u00e9s autoris\u00e9es :<\/div><div dir=\"auto\">\u2022Entra\u00eenements encadr\u00e9s<\/div><div dir=\"auto\">\u2022Participation \u00e0 des animations ou courses non comp\u00e9titives (courses \u201copen\u201d, footing, trails ouverts, etc.)<\/div><div dir=\"auto\">\u2022Pas de participation aux comp\u00e9titions officielles (championnats, cross FFA, etc.)<\/div><div dir=\"auto\">\u2022Certificat m\u00e9dical : il peut \u00eatre exig\u00e9 selon l\u2019\u00e2ge ou le type de pratique (souvent moins contraignant que pour la comp\u00e9tition).<\/div><div dir=\"auto\">\u2022Id\u00e9al pour ceux qui souhaitent pratiquer r\u00e9guli\u00e8rement sans l\u2019enjeu de la performance<\/div><\/div>\n                <\/div><div class=\"eael-accordion-list\">\n                <div id=\"licence-comptition\" class=\"elementor-tab-title eael-accordion-header\" tabindex=\"0\" data-tab=\"2\" aria-controls=\"elementor-tab-content-2302\"><span class=\"eael-advanced-accordion-icon-closed\"><svg aria-hidden=\"true\" class=\"fa-accordion-icon e-font-icon-svg e-fas-plus\" viewBox=\"0 0 448 512\" xmlns=\"http:\/\/www.w3.org\/2000\/svg\"><path d=\"M416 208H272V64c0-17.67-14.33-32-32-32h-32c-17.67 0-32 14.33-32 32v144H32c-17.67 0-32 14.33-32 32v32c0 17.67 14.33 32 32 32h144v144c0 17.67 14.33 32 32 32h32c17.67 0 32-14.33 32-32V304h144c17.67 0 32-14.33 32-32v-32c0-17.67-14.33-32-32-32z\"><\/path><\/svg><\/span><span class=\"eael-advanced-accordion-icon-opened\"><svg aria-hidden=\"true\" class=\"fa-accordion-icon e-font-icon-svg e-fas-minus\" viewBox=\"0 0 448 512\" xmlns=\"http:\/\/www.w3.org\/2000\/svg\"><path d=\"M416 208H32c-17.67 0-32 14.33-32 32v32c0 17.67 14.33 32 32 32h384c17.67 0 32-14.33 32-32v-32c0-17.67-14.33-32-32-32z\"><\/path><\/svg><\/span><span class=\"eael-accordion-tab-title\">Licence Comp\u00e9tition<\/span><\/div><div id=\"elementor-tab-content-2302\" class=\"eael-accordion-content clearfix\" data-tab=\"2\" aria-labelledby=\"licence-comptition\"><div dir=\"auto\">\u2022Objectif : participer aux comp\u00e9titions officielles organis\u00e9es par la FFA (F\u00e9d\u00e9ration Fran\u00e7aise d\u2019Athl\u00e9tisme).<\/div><div dir=\"auto\">\u2022Activit\u00e9s autoris\u00e9es :<\/div><div dir=\"auto\">\u2022Tout ce qui est permis avec la licence Loisirs<\/div><div dir=\"auto\">\u2022+ Acc\u00e8s aux comp\u00e9titions officielles FFA (piste, cross, route, trail, etc.)<\/div><div dir=\"auto\">\u2022Classements possibles : classement individuel, par \u00e9quipes, qualification pour des championnats.<\/div><div dir=\"auto\">\u2022Certificat m\u00e9dical obligatoire (aptitude \u00e0 la comp\u00e9tition en athl\u00e9tisme ou questionnaire de sant\u00e9 selon les cas).<\/div><div dir=\"auto\">\u2022Recommand\u00e9e si vous souhaitez mesurer vos performances, progresser, ou faire partie d\u2019une \u00e9quipe en comp\u00e9tition.<\/div><\/div>\n                <\/div><div class=\"eael-accordion-list\">\n                <div id=\"certificat-mdical-ffa-ce-quil-faut-savoir\" class=\"elementor-tab-title eael-accordion-header\" tabindex=\"0\" data-tab=\"3\" aria-controls=\"elementor-tab-content-2303\"><span class=\"eael-advanced-accordion-icon-closed\"><svg aria-hidden=\"true\" class=\"fa-accordion-icon e-font-icon-svg e-fas-plus\" viewBox=\"0 0 448 512\" xmlns=\"http:\/\/www.w3.org\/2000\/svg\"><path d=\"M416 208H272V64c0-17.67-14.33-32-32-32h-32c-17.67 0-32 14.33-32 32v144H32c-17.67 0-32 14.33-32 32v32c0 17.67 14.33 32 32 32h144v144c0 17.67 14.33 32 32 32h32c17.67 0 32-14.33 32-32V304h144c17.67 0 32-14.33 32-32v-32c0-17.67-14.33-32-32-32z\"><\/path><\/svg><\/span><span class=\"eael-advanced-accordion-icon-opened\"><svg aria-hidden=\"true\" class=\"fa-accordion-icon e-font-icon-svg e-fas-minus\" viewBox=\"0 0 448 512\" xmlns=\"http:\/\/www.w3.org\/2000\/svg\"><path d=\"M416 208H32c-17.67 0-32 14.33-32 32v32c0 17.67 14.33 32 32 32h384c17.67 0 32-14.33 32-32v-32c0-17.67-14.33-32-32-32z\"><\/path><\/svg><\/span><span class=\"eael-accordion-tab-title\">Certificat m\u00e9dical &amp; FFA : ce qu\u2019il faut savoir<\/span><\/div><div id=\"elementor-tab-content-2303\" class=\"eael-accordion-content clearfix\" data-tab=\"3\" aria-labelledby=\"certificat-mdical-ffa-ce-quil-faut-savoir\"><div dir=\"auto\">Depuis plusieurs ann\u00e9es, la FFA a simplifi\u00e9 les d\u00e9marches li\u00e9es au certificat m\u00e9dical, notamment pour les licenci\u00e9s majeurs. Voici les r\u00e8gles en vigueur :<\/div><div dir=\"auto\">\u00a0<\/div><ul><li dir=\"auto\"><strong><img decoding=\"async\" class=\"an1\" draggable=\"false\" src=\"https:\/\/fonts.gstatic.com\/s\/e\/notoemoji\/16.0\/2705\/32.png\" alt=\"\u2705\" data-emoji=\"\u2705\" aria-label=\"\u2705\" \/>\u00a0Dur\u00e9e de validit\u00e9 : 5 ans (maximum)<\/strong><\/li><\/ul><div dir=\"auto\">Le certificat m\u00e9dical de non contre-indication \u00e0 la pratique de l\u2019athl\u00e9tisme en comp\u00e9tition est valable 5 ans \u00e0 condition de r\u00e9pondre chaque ann\u00e9e \u00e0 un questionnaire de sant\u00e9.<\/div><p>Ce certificat initial doit dater de moins de 1 an lors de la premi\u00e8re prise de licence (ou reprise apr\u00e8s interruption).<\/p><ul><li><strong><img decoding=\"async\" class=\"an1\" draggable=\"false\" src=\"https:\/\/fonts.gstatic.com\/s\/e\/notoemoji\/16.0\/1f4c4\/32.png\" alt=\"\ud83d\udcc4\" data-emoji=\"\ud83d\udcc4\" aria-label=\"\ud83d\udcc4\" \/>\u00a0\u00a0Questionnaire de sant\u00e9 annuel<\/strong><\/li><\/ul><div dir=\"auto\">Chaque ann\u00e9e (pendant 4 ans apr\u00e8s le certificat), le licenci\u00e9 doit remplir un questionnaire de sant\u00e9 FFA en ligne, sur son espace licenci\u00e9.<\/div><div dir=\"auto\">Il s\u2019agit de r\u00e9pondre par oui\/non \u00e0 une s\u00e9rie de questions sur son \u00e9tat de sant\u00e9.<\/div><div dir=\"auto\">Si toutes les r\u00e9ponses sont \u201cnon\u201d, il n\u2019est pas n\u00e9cessaire de fournir un nouveau certificat.<\/div><div dir=\"auto\">En revanche, si une ou plusieurs r\u00e9ponses sont \u201coui\u201d, un nouveau certificat m\u00e9dical est requis<\/div><div dir=\"auto\">\u00a0<\/div><ul><li><strong><img decoding=\"async\" class=\"an1\" draggable=\"false\" src=\"https:\/\/fonts.gstatic.com\/s\/e\/notoemoji\/16.0\/1f9d1_200d_1f4bb\/32.png\" alt=\"\ud83e\uddd1\u200d\ud83d\udcbb\" data-emoji=\"\ud83e\uddd1\u200d\ud83d\udcbb\" aria-label=\"\ud83e\uddd1\u200d\ud83d\udcbb\" \/>\u00a0 O\u00f9 \u00e7a se passe ?<\/strong><\/li><\/ul><div dir=\"auto\">Sur le site de la FFA, dans l\u2019espace licenci\u00e9 :<img decoding=\"async\" class=\"an1\" draggable=\"false\" src=\"https:\/\/fonts.gstatic.com\/s\/e\/notoemoji\/16.0\/1f449\/32.png\" alt=\"\ud83d\udc49\" data-emoji=\"\ud83d\udc49\" aria-label=\"\ud83d\udc49\" \/> <a href=\"https:\/\/www.athle.fr\/asp.net\/espaces\/monespace\/\">C&rsquo;est ici<\/a><\/div><div dir=\"auto\">\u00a0<\/div><div dir=\"auto\">Le questionnaire de sant\u00e9 y est accessible une fois la r\u00e9inscription en cours.<\/div><div dir=\"auto\">Vous pouvez aussi y t\u00e9l\u00e9verser un certificat m\u00e9dical si n\u00e9cessaire.<\/div><div dir=\"auto\">\u00a0<\/div><ul><li dir=\"auto\"><img decoding=\"async\" class=\"an1\" draggable=\"false\" src=\"https:\/\/fonts.gstatic.com\/s\/e\/notoemoji\/16.0\/1f6d1\/32.png\" alt=\"\ud83d\uded1\" data-emoji=\"\ud83d\uded1\" aria-label=\"\ud83d\uded1\" \/><strong>\u00a0Attention<\/strong><\/li><\/ul><div dir=\"auto\">Cette r\u00e8gle de 5 ans avec questionnaire annuel concerne uniquement les majeurs.<\/div><div dir=\"auto\">Pour les mineurs, un questionnaire de sant\u00e9 sp\u00e9cifique est rempli chaque ann\u00e9e par les parents. Pas besoin de certificat m\u00e9dical sauf r\u00e9ponse positive<\/div><\/div>\n                <\/div><\/div>\t\t\t\t<\/div>\n\t\t\t\t<\/div>\n\t\t\t\t\t<\/div>\n\t\t\t\t<\/div>\n\t\t<div class=\"elementor-element elementor-element-9b0dc57 e-flex e-con-boxed wpr-particle-no wpr-jarallax-no wpr-parallax-no wpr-sticky-section-no e-con e-parent\" data-id=\"9b0dc57\" data-element_type=\"container\" data-e-type=\"container\">\n\t\t\t\t\t<div class=\"e-con-inner\">\n\t\t\t\t\t<\/div>\n\t\t\t\t<\/div>\n\t\t<div class=\"elementor-element elementor-element-0d5bf0d e-con-full e-flex wpr-particle-no wpr-jarallax-no wpr-parallax-no wpr-sticky-section-no e-con e-parent\" data-id=\"0d5bf0d\" data-element_type=\"container\" data-e-type=\"container\" data-settings=\"{&quot;background_background&quot;:&quot;classic&quot;}\">\n\t\t<div class=\"elementor-element elementor-element-202a46a e-con-full e-flex wpr-particle-no wpr-jarallax-no wpr-parallax-no wpr-sticky-section-no e-con e-child\" data-id=\"202a46a\" data-element_type=\"container\" data-e-type=\"container\">\n\t\t\t\t<div class=\"elementor-element elementor-element-087d970 elementor-widget elementor-widget-heading\" data-id=\"087d970\" data-element_type=\"widget\" data-e-type=\"widget\" data-widget_type=\"heading.default\">\n\t\t\t\t<div class=\"elementor-widget-container\">\n\t\t\t\t\t<h2 class=\"elementor-heading-title elementor-size-default\">Je Me Licencie !<\/h2>\t\t\t\t<\/div>\n\t\t\t\t<\/div>\n\t\t\t\t<\/div>\n\t\t<div class=\"elementor-element elementor-element-c9e7045 e-con-full e-flex wpr-particle-no wpr-jarallax-no wpr-parallax-no wpr-sticky-section-no e-con e-child\" data-id=\"c9e7045\" data-element_type=\"container\" data-e-type=\"container\">\n\t\t<div class=\"elementor-element elementor-element-50abcf4 e-con-full e-flex wpr-particle-no wpr-jarallax-no wpr-parallax-no wpr-sticky-section-no e-con e-child\" data-id=\"50abcf4\" data-element_type=\"container\" data-e-type=\"container\">\n\t\t\t\t<div class=\"elementor-element elementor-element-8f148fd elementor-widget elementor-widget-shortcode\" data-id=\"8f148fd\" data-element_type=\"widget\" data-e-type=\"widget\" data-widget_type=\"shortcode.default\">\n\t\t\t\t<div class=\"elementor-widget-container\">\n\t\t\t\t\t\t\t<div class=\"elementor-shortcode\"><div  data-number=\"33772329077\" data-pre_filled=\"contact depuis coaching sportif PACER ON\" data-style=\"2\" style=\"display: inline; cursor: pointer; z-index: 99999999; \" class=\"ht-ctc-sc ht-ctc-sc-chat sc-style-2 ht-ctc-inline\">\r\n<img decoding=\"async\" class=\"img-icon ctc-analytics ctc_cta\" title=\"Pour les licences\" style=\"height: 50px;\" src=\"https:\/\/coaching-ml.fr\/wp-content\/plugins\/click-to-chat-for-whatsapp\/.\/new\/inc\/assets\/img\/whatsapp-icon-square.svg\" alt=\"Pour les licences\">\r\n<\/div>\n<\/div>\n\t\t\t\t\t\t<\/div>\n\t\t\t\t<\/div>\n\t\t\t\t<\/div>\n\t\t<div class=\"elementor-element elementor-element-0791a43 e-con-full e-flex wpr-particle-no wpr-jarallax-no wpr-parallax-no wpr-sticky-section-no e-con e-child\" data-id=\"0791a43\" data-element_type=\"container\" data-e-type=\"container\">\n\t\t\t\t<div class=\"elementor-element elementor-element-3952bc4 elementor-widget elementor-widget-heading\" data-id=\"3952bc4\" data-element_type=\"widget\" data-e-type=\"widget\" data-widget_type=\"heading.default\">\n\t\t\t\t<div class=\"elementor-widget-container\">\n\t\t\t\t\t<h2 class=\"elementor-heading-title elementor-size-default\">ou contact au : 33 7 72 32 90 77\n<\/h2>\t\t\t\t<\/div>\n\t\t\t\t<\/div>\n\t\t\t\t<\/div>\n\t\t\t\t<\/div>\n\t\t\t\t<\/div>\n\t\t<div class=\"elementor-element elementor-element-6eab24f e-flex e-con-boxed wpr-particle-no wpr-jarallax-no wpr-parallax-no wpr-sticky-section-no e-con e-parent\" data-id=\"6eab24f\" data-element_type=\"container\" data-e-type=\"container\">\n\t\t\t\t\t<div class=\"e-con-inner\">\n\t\t\t\t\t<\/div>\n\t\t\t\t<\/div>\n\t\t\t\t<\/div>\n\t\t","protected":false},"excerpt":{"rendered":"<p>Lorsque vous adh\u00e9rez \u00e0 un club d\u2019athl\u00e9tisme, vous avez le choix entre deux types de licence : Loisirs ou Comp\u00e9tition. Voici ce qui les distingue : Licence Loisirs\u2022Objectif : pratiquer l\u2019athl\u00e9tisme pour le plaisir, le bien-\u00eatre, ou le maintien en forme, sans pression li\u00e9e aux r\u00e9sultats.\u2022Activit\u00e9s autoris\u00e9es :\u2022Entra\u00eenements encadr\u00e9s\u2022Participation \u00e0 des animations ou courses non comp\u00e9titives (courses \u201copen\u201d, footing, trails ouverts, etc.)\u2022Pas de participation aux comp\u00e9titions officielles (championnats, cross FFA, etc.)\u2022Certificat m\u00e9dical : il peut \u00eatre exig\u00e9 selon l\u2019\u00e2ge ou le type de pratique (souvent moins contraignant que pour la comp\u00e9tition).\u2022Id\u00e9al pour ceux qui souhaitent pratiquer r\u00e9guli\u00e8rement sans l\u2019enjeu de la performance Licence Comp\u00e9tition\u2022Objectif : participer aux comp\u00e9titions officielles organis\u00e9es par la FFA (F\u00e9d\u00e9ration Fran\u00e7aise d\u2019Athl\u00e9tisme).\u2022Activit\u00e9s autoris\u00e9es :\u2022Tout ce qui est permis avec la licence Loisirs\u2022+ Acc\u00e8s aux comp\u00e9titions officielles FFA (piste, cross, route, trail, etc.)\u2022Classements possibles : classement individuel, par \u00e9quipes, qualification pour des championnats.\u2022Certificat m\u00e9dical obligatoire (aptitude \u00e0 la comp\u00e9tition en athl\u00e9tisme ou questionnaire de sant\u00e9 selon les cas).\u2022Recommand\u00e9e si vous souhaitez mesurer vos performances, progresser, ou faire partie d\u2019une \u00e9quipe en comp\u00e9tition. Certificat m\u00e9dical &amp; FFA : ce qu\u2019il faut savoirDepuis plusieurs ann\u00e9es, la FFA a simplifi\u00e9 les d\u00e9marches li\u00e9es au certificat m\u00e9dical, notamment pour les licenci\u00e9s majeurs. Voici les r\u00e8gles en vigueur :\u00a0 \u00a0Dur\u00e9e de validit\u00e9 : 5 ans (maximum) Le certificat m\u00e9dical de non contre-indication \u00e0 la pratique de l\u2019athl\u00e9tisme en comp\u00e9tition est valable 5 ans \u00e0 condition de r\u00e9pondre chaque ann\u00e9e \u00e0 un questionnaire de sant\u00e9. Ce certificat initial doit dater de moins de 1 an lors de la premi\u00e8re prise de licence (ou reprise apr\u00e8s interruption). \u00a0\u00a0Questionnaire de sant\u00e9 annuel Chaque ann\u00e9e (pendant 4 ans apr\u00e8s le certificat), le licenci\u00e9 doit remplir un questionnaire de sant\u00e9 FFA en ligne, sur son espace licenci\u00e9.Il s\u2019agit de r\u00e9pondre par oui\/non \u00e0 une s\u00e9rie de questions sur son \u00e9tat de sant\u00e9.Si toutes les r\u00e9ponses sont \u201cnon\u201d, il n\u2019est pas n\u00e9cessaire de fournir un nouveau certificat.En revanche, si une ou plusieurs r\u00e9ponses sont \u201coui\u201d, un nouveau certificat m\u00e9dical est requis\u00a0 \u00a0 O\u00f9 \u00e7a se passe ? Sur le site de la FFA, dans l\u2019espace licenci\u00e9 : C&rsquo;est ici\u00a0Le questionnaire de sant\u00e9 y est accessible une fois la r\u00e9inscription en cours.Vous pouvez aussi y t\u00e9l\u00e9verser un certificat m\u00e9dical si n\u00e9cessaire.\u00a0 \u00a0Attention Cette r\u00e8gle de 5 ans avec questionnaire annuel concerne uniquement les majeurs.Pour les mineurs, un questionnaire de sant\u00e9 sp\u00e9cifique est rempli chaque ann\u00e9e par les parents. Pas besoin de certificat m\u00e9dical sauf r\u00e9ponse positive Je Me Licencie ! ou contact au : 33 7 72 32 90 77<\/p>\n","protected":false},"author":1,"featured_media":0,"parent":0,"menu_order":0,"comment_status":"closed","ping_status":"closed","template":"elementor_header_footer","meta":{"ocean_post_layout":"","ocean_both_sidebars_style":"","ocean_both_sidebars_content_width":0,"ocean_both_sidebars_sidebars_width":0,"ocean_sidebar":"","ocean_second_sidebar":"","ocean_disable_margins":"enable","ocean_add_body_class":"","ocean_shortcode_before_top_bar":"","ocean_shortcode_after_top_bar":"","ocean_shortcode_before_header":"","ocean_shortcode_after_header":"","ocean_has_shortcode":"","ocean_shortcode_after_title":"","ocean_shortcode_before_footer_widgets":"","ocean_shortcode_after_footer_widgets":"","ocean_shortcode_before_footer_bottom":"","ocean_shortcode_after_footer_bottom":"","ocean_display_top_bar":"default","ocean_display_header":"default","ocean_header_style":"","ocean_center_header_left_menu":"","ocean_custom_header_template":"","ocean_custom_logo":0,"ocean_custom_retina_logo":0,"ocean_custom_logo_max_width":0,"ocean_custom_logo_tablet_max_width":0,"ocean_custom_logo_mobile_max_width":0,"ocean_custom_logo_max_height":0,"ocean_custom_logo_tablet_max_height":0,"ocean_custom_logo_mobile_max_height":0,"ocean_header_custom_menu":"","ocean_menu_typo_font_family":"","ocean_menu_typo_font_subset":"","ocean_menu_typo_font_size":0,"ocean_menu_typo_font_size_tablet":0,"ocean_menu_typo_font_size_mobile":0,"ocean_menu_typo_font_size_unit":"px","ocean_menu_typo_font_weight":"","ocean_menu_typo_font_weight_tablet":"","ocean_menu_typo_font_weight_mobile":"","ocean_menu_typo_transform":"","ocean_menu_typo_transform_tablet":"","ocean_menu_typo_transform_mobile":"","ocean_menu_typo_line_height":0,"ocean_menu_typo_line_height_tablet":0,"ocean_menu_typo_line_height_mobile":0,"ocean_menu_typo_line_height_unit":"","ocean_menu_typo_spacing":0,"ocean_menu_typo_spacing_tablet":0,"ocean_menu_typo_spacing_mobile":0,"ocean_menu_typo_spacing_unit":"","ocean_menu_link_color":"","ocean_menu_link_color_hover":"","ocean_menu_link_color_active":"","ocean_menu_link_background":"","ocean_menu_link_hover_background":"","ocean_menu_link_active_background":"","ocean_menu_social_links_bg":"","ocean_menu_social_hover_links_bg":"","ocean_menu_social_links_color":"","ocean_menu_social_hover_links_color":"","ocean_disable_title":"default","ocean_disable_heading":"default","ocean_post_title":"","ocean_post_subheading":"","ocean_post_title_style":"","ocean_post_title_background_color":"","ocean_post_title_background":0,"ocean_post_title_bg_image_position":"","ocean_post_title_bg_image_attachment":"","ocean_post_title_bg_image_repeat":"","ocean_post_title_bg_image_size":"","ocean_post_title_height":0,"ocean_post_title_bg_overlay":0.5,"ocean_post_title_bg_overlay_color":"","ocean_disable_breadcrumbs":"default","ocean_breadcrumbs_color":"","ocean_breadcrumbs_separator_color":"","ocean_breadcrumbs_links_color":"","ocean_breadcrumbs_links_hover_color":"","ocean_display_footer_widgets":"default","ocean_display_footer_bottom":"default","ocean_custom_footer_template":"","footnotes":""},"class_list":["post-1429","page","type-page","status-publish","hentry","entry"],"_links":{"self":[{"href":"https:\/\/coaching-ml.fr\/index.php\/wp-json\/wp\/v2\/pages\/1429","targetHints":{"allow":["GET"]}}],"collection":[{"href":"https:\/\/coaching-ml.fr\/index.php\/wp-json\/wp\/v2\/pages"}],"about":[{"href":"https:\/\/coaching-ml.fr\/index.php\/wp-json\/wp\/v2\/types\/page"}],"author":[{"embeddable":true,"href":"https:\/\/coaching-ml.fr\/index.php\/wp-json\/wp\/v2\/users\/1"}],"replies":[{"embeddable":true,"href":"https:\/\/coaching-ml.fr\/index.php\/wp-json\/wp\/v2\/comments?post=1429"}],"version-history":[{"count":97,"href":"https:\/\/coaching-ml.fr\/index.php\/wp-json\/wp\/v2\/pages\/1429\/revisions"}],"predecessor-version":[{"id":1913,"href":"https:\/\/coaching-ml.fr\/index.php\/wp-json\/wp\/v2\/pages\/1429\/revisions\/1913"}],"wp:attachment":[{"href":"https:\/\/coaching-ml.fr\/index.php\/wp-json\/wp\/v2\/media?parent=1429"}],"curies":[{"name":"wp","href":"https:\/\/api.w.org\/{rel}","templated":true}]}}